{"id":1055,"date":"2025-09-25T12:47:11","date_gmt":"2025-09-25T10:47:11","guid":{"rendered":"http:\/\/cosmetic-expertise.com\/?page_id=1055"},"modified":"2025-09-25T12:57:20","modified_gmt":"2025-09-25T10:57:20","slug":"colusol-black-bs-199e-colorant-hydrosoluble-pour-aplication-cosmetique-ci-42051-ci-16185-ci-28440-ci-19140","status":"publish","type":"page","link":"https:\/\/cosmetic-expertise.com\/index.php\/soluble-colors\/water-soluble-colors\/colusol-black-bs-199e-colorant-hydrosoluble-pour-aplication-cosmetique-ci-42051-ci-16185-ci-28440-ci-19140\/","title":{"rendered":"COLUSOL BLACK BS 199E"},"content":{"rendered":"<div class=\"pbs-main-wrapper\"><p><img fetchpriority=\"high\" decoding=\"async\" width=\"843\" height=\"189\" src=\"https:\/\/cosmetic-expertise.com\/wp-content\/uploads\/2024\/06\/WATER-SOLUBLE-COLOR.jpg\" alt=\"WATER SOLUBLE COLOR\" srcset=\"https:\/\/cosmetic-expertise.com\/wp-content\/uploads\/2024\/06\/WATER-SOLUBLE-COLOR.jpg 843w, https:\/\/cosmetic-expertise.com\/wp-content\/uploads\/2024\/06\/WATER-SOLUBLE-COLOR-300x67.jpg 300w, https:\/\/cosmetic-expertise.com\/wp-content\/uploads\/2024\/06\/WATER-SOLUBLE-COLOR-768x172.jpg 768w, https:\/\/cosmetic-expertise.com\/wp-content\/uploads\/2024\/06\/WATER-SOLUBLE-COLOR-700x157.jpg 700w, https:\/\/cosmetic-expertise.com\/wp-content\/uploads\/2024\/06\/WATER-SOLUBLE-COLOR-520x117.jpg 520w, https:\/\/cosmetic-expertise.com\/wp-content\/uploads\/2024\/06\/WATER-SOLUBLE-COLOR-360x81.jpg 360w, https:\/\/cosmetic-expertise.com\/wp-content\/uploads\/2024\/06\/WATER-SOLUBLE-COLOR-250x56.jpg 250w, https:\/\/cosmetic-expertise.com\/wp-content\/uploads\/2024\/06\/WATER-SOLUBLE-COLOR-100x22.jpg 100w\" sizes=\"(max-width: 843px) 100vw, 843px\" \/>\t\t\t\t\t\t\t\t\t\t\t\t\t<\/p>\n<h3>WATER SOLUBLE COLORS <\/h3>\n<h4><b>COLUSOL BLACK BS 199E<\/b><\/h4>\n<p><strong>COLUSOL BLACK BS 199E\u00a0<\/strong>is a mixture of Mono,Diazo and Triarylmethane dyes.<\/p>\n<ul>\n<li><b>Colour Index :<\/b> 42051:2 + 16185 + 28440 + 19140<\/li>\n<li><b>INCI Name :<\/b> CI 42051 + CI 16185 + CI 28440 + CI 19140 + Sodium sulfate<\/li>\n<li><b>CAS Nr :<\/b>\u00a020262-76-4 + 915-67-3 + 2519-30-4 + 1934-21-0 + 7757-82-6<\/li>\n<\/ul>\n<p>\t\t\t\t\t\t\t\t\t\t\t\t\t<img decoding=\"async\" width=\"500\" height=\"310\" src=\"https:\/\/cosmetic-expertise.com\/wp-content\/uploads\/2021\/01\/COLUSOL-BLACK-BS-199E-500x310.jpg\" alt=\"COLUSOL BLACK BS 199E\" \/><br \/>\n\t\t\t\t\t\t\t\t\t\t\t\t\t<img decoding=\"async\" width=\"640\" height=\"360\" src=\"https:\/\/cosmetic-expertise.com\/wp-content\/uploads\/2024\/05\/AdobeStock_165717528-2-1024x576.jpeg\" alt=\"Scientifique dans un laboratoire\" srcset=\"https:\/\/cosmetic-expertise.com\/wp-content\/uploads\/2024\/05\/AdobeStock_165717528-2-1024x576.jpeg 1024w, https:\/\/cosmetic-expertise.com\/wp-content\/uploads\/2024\/05\/AdobeStock_165717528-2-300x169.jpeg 300w, https:\/\/cosmetic-expertise.com\/wp-content\/uploads\/2024\/05\/AdobeStock_165717528-2-768x432.jpeg 768w, https:\/\/cosmetic-expertise.com\/wp-content\/uploads\/2024\/05\/AdobeStock_165717528-2-1536x864.jpeg 1536w, https:\/\/cosmetic-expertise.com\/wp-content\/uploads\/2024\/05\/AdobeStock_165717528-2-2048x1152.jpeg 2048w, https:\/\/cosmetic-expertise.com\/wp-content\/uploads\/2024\/05\/AdobeStock_165717528-2-700x394.jpeg 700w, https:\/\/cosmetic-expertise.com\/wp-content\/uploads\/2024\/05\/AdobeStock_165717528-2-520x293.jpeg 520w, https:\/\/cosmetic-expertise.com\/wp-content\/uploads\/2024\/05\/AdobeStock_165717528-2-360x203.jpeg 360w, https:\/\/cosmetic-expertise.com\/wp-content\/uploads\/2024\/05\/AdobeStock_165717528-2-250x141.jpeg 250w, https:\/\/cosmetic-expertise.com\/wp-content\/uploads\/2024\/05\/AdobeStock_165717528-2-100x56.jpeg 100w\" sizes=\"(max-width: 640px) 100vw, 640px\" \/>\t\t\t\t\t\t\t\t\t\t\t\t\t<\/p>\n<p><strong>REGULATION<\/strong><\/p>\n<ul>\n<li>EU Cosmetic Directive : Annex IV, Part 1, Category 1 ( allowed in all cosmetic products )<\/li>\n<li>EU Food Directive : E131 + E123 + E151 + E102<\/li>\n<li>US FDA : &#8211;<\/li>\n<li>Japan : &#8211;<\/li>\n<\/ul>\n<p><strong>APPLICATION<\/strong><\/p>\n<ul>\n<li>Skin care<\/li>\n<li>Hair care<\/li>\n<li>Water based detergent<\/li>\n<\/ul>\n<p>\t\t\t\t\t\t\t\t\t\t\t\t\t<img loading=\"lazy\" decoding=\"async\" width=\"640\" height=\"415\" src=\"https:\/\/cosmetic-expertise.com\/wp-content\/uploads\/2024\/05\/AdobeStock_269872962-1024x664.jpeg\" alt=\"Colorants et pigments color\u00e9s expos\u00e9s dans un magasin de peinture \u00e0 Venise, Italie\" srcset=\"https:\/\/cosmetic-expertise.com\/wp-content\/uploads\/2024\/05\/AdobeStock_269872962-1024x664.jpeg 1024w, https:\/\/cosmetic-expertise.com\/wp-content\/uploads\/2024\/05\/AdobeStock_269872962-300x195.jpeg 300w, https:\/\/cosmetic-expertise.com\/wp-content\/uploads\/2024\/05\/AdobeStock_269872962-768x498.jpeg 768w, https:\/\/cosmetic-expertise.com\/wp-content\/uploads\/2024\/05\/AdobeStock_269872962-1536x996.jpeg 1536w, https:\/\/cosmetic-expertise.com\/wp-content\/uploads\/2024\/05\/AdobeStock_269872962-2048x1329.jpeg 2048w, https:\/\/cosmetic-expertise.com\/wp-content\/uploads\/2024\/05\/AdobeStock_269872962-700x454.jpeg 700w, https:\/\/cosmetic-expertise.com\/wp-content\/uploads\/2024\/05\/AdobeStock_269872962-520x337.jpeg 520w, https:\/\/cosmetic-expertise.com\/wp-content\/uploads\/2024\/05\/AdobeStock_269872962-360x234.jpeg 360w, https:\/\/cosmetic-expertise.com\/wp-content\/uploads\/2024\/05\/AdobeStock_269872962-250x162.jpeg 250w, https:\/\/cosmetic-expertise.com\/wp-content\/uploads\/2024\/05\/AdobeStock_269872962-100x65.jpeg 100w\" sizes=\"(max-width: 640px) 100vw, 640px\" \/><br \/>\n\t\t\t<a href=\"https:\/\/cosmetic-expertise.com\/index.php\/homepage\/contact-bsens\/\" target=\"_blank\"><br \/>\n\t\t\t\t\t\t\t\t\tREQUEST INFORMATION<br \/>\n\t\t\t\t\t<\/a><\/p>\n<\/div>","protected":false},"excerpt":{"rendered":"<p>WATER SOLUBLE COLORS COLUSOL BLACK BS 199E COLUSOL BLACK BS 199E\u00a0is a mixture of Mono,Diazo and Triarylmethane dyes. Colour Index : 42051:2 + 16185 + 28440 + 19140 INCI Name : CI 42051 + CI 16185 + CI 28440 + [&hellip;]<\/p>\n","protected":false},"author":1,"featured_media":0,"parent":507,"menu_order":0,"comment_status":"closed","ping_status":"closed","template":"elementor_header_footer","meta":{"footnotes":""},"class_list":["post-1055","page","type-page","status-publish","hentry","clearfix"],"yoast_head":"<!-- This site is optimized with the Yoast SEO plugin v20.1 - https:\/\/yoast.com\/wordpress\/plugins\/seo\/ -->\n<title>COLUSOL BLACK BS 199E<\/title>\n<meta name=\"description\" content=\"COLUSOL BLACK BS 199E is a mixture of Mono,Diazo and Triarylmethane dyes (colorant) for skincare; homecare, water based detergents...\" \/>\n<meta name=\"robots\" content=\"index, follow, max-snippet:-1, max-image-preview:large, max-video-preview:-1\" \/>\n<link rel=\"canonical\" href=\"https:\/\/cosmetic-expertise.com\/index.php\/soluble-colors\/water-soluble-colors\/colusol-black-bs-199e-colorant-hydrosoluble-pour-aplication-cosmetique-ci-42051-ci-16185-ci-28440-ci-19140\/\" \/>\n<meta property=\"og:locale\" content=\"fr_FR\" \/>\n<meta property=\"og:type\" content=\"article\" \/>\n<meta property=\"og:title\" content=\"COLUSOL BLACK BS 199E\" \/>\n<meta property=\"og:description\" content=\"COLUSOL BLACK BS 199E is a mixture of Mono,Diazo and Triarylmethane dyes (colorant) for skincare; homecare, water based detergents...\" \/>\n<meta property=\"og:url\" content=\"https:\/\/cosmetic-expertise.com\/index.php\/soluble-colors\/water-soluble-colors\/colusol-black-bs-199e-colorant-hydrosoluble-pour-aplication-cosmetique-ci-42051-ci-16185-ci-28440-ci-19140\/\" \/>\n<meta property=\"og:site_name\" content=\"Colors and Ingredients for Cosmetics\" \/>\n<meta property=\"article:modified_time\" content=\"2025-09-25T10:57:20+00:00\" \/>\n<meta property=\"og:image\" content=\"https:\/\/cosmetic-expertise.com\/wp-content\/uploads\/2024\/06\/WATER-SOLUBLE-COLOR.jpg\" \/>\n<meta name=\"twitter:card\" content=\"summary_large_image\" \/>\n<meta name=\"twitter:label1\" content=\"Dur\u00e9e de lecture estim\u00e9e\" \/>\n\t<meta name=\"twitter:data1\" content=\"2 minutes\" \/>\n<script type=\"application\/ld+json\" class=\"yoast-schema-graph\">{\"@context\":\"https:\/\/schema.org\",\"@graph\":[{\"@type\":\"WebPage\",\"@id\":\"https:\/\/cosmetic-expertise.com\/index.php\/soluble-colors\/water-soluble-colors\/colusol-black-bs-199e-colorant-hydrosoluble-pour-aplication-cosmetique-ci-42051-ci-16185-ci-28440-ci-19140\/\",\"url\":\"https:\/\/cosmetic-expertise.com\/index.php\/soluble-colors\/water-soluble-colors\/colusol-black-bs-199e-colorant-hydrosoluble-pour-aplication-cosmetique-ci-42051-ci-16185-ci-28440-ci-19140\/\",\"name\":\"COLUSOL BLACK BS 199E\",\"isPartOf\":{\"@id\":\"https:\/\/cosmetic-expertise.com\/#website\"},\"datePublished\":\"2025-09-25T10:47:11+00:00\",\"dateModified\":\"2025-09-25T10:57:20+00:00\",\"description\":\"COLUSOL BLACK BS 199E is a mixture of Mono,Diazo and Triarylmethane dyes (colorant) for skincare; homecare, water based detergents...\",\"breadcrumb\":{\"@id\":\"https:\/\/cosmetic-expertise.com\/index.php\/soluble-colors\/water-soluble-colors\/colusol-black-bs-199e-colorant-hydrosoluble-pour-aplication-cosmetique-ci-42051-ci-16185-ci-28440-ci-19140\/#breadcrumb\"},\"inLanguage\":\"fr-FR\",\"potentialAction\":[{\"@type\":\"ReadAction\",\"target\":[\"https:\/\/cosmetic-expertise.com\/index.php\/soluble-colors\/water-soluble-colors\/colusol-black-bs-199e-colorant-hydrosoluble-pour-aplication-cosmetique-ci-42051-ci-16185-ci-28440-ci-19140\/\"]}]},{\"@type\":\"BreadcrumbList\",\"@id\":\"https:\/\/cosmetic-expertise.com\/index.php\/soluble-colors\/water-soluble-colors\/colusol-black-bs-199e-colorant-hydrosoluble-pour-aplication-cosmetique-ci-42051-ci-16185-ci-28440-ci-19140\/#breadcrumb\",\"itemListElement\":[{\"@type\":\"ListItem\",\"position\":1,\"name\":\"Accueil\",\"item\":\"https:\/\/cosmetic-expertise.com\/\"},{\"@type\":\"ListItem\",\"position\":2,\"name\":\"SOLUBLE COLORS\",\"item\":\"https:\/\/cosmetic-expertise.com\/index.php\/soluble-colors\/\"},{\"@type\":\"ListItem\",\"position\":3,\"name\":\"WATER SOLUBLE COLORS\",\"item\":\"https:\/\/cosmetic-expertise.com\/index.php\/soluble-colors\/water-soluble-colors\/\"},{\"@type\":\"ListItem\",\"position\":4,\"name\":\"COLUSOL BLACK BS 199E\"}]},{\"@type\":\"WebSite\",\"@id\":\"https:\/\/cosmetic-expertise.com\/#website\",\"url\":\"https:\/\/cosmetic-expertise.com\/\",\"name\":\"Colors and Ingredients for Cosmetics\",\"description\":\"Your Cosmetic Expertise\",\"publisher\":{\"@id\":\"https:\/\/cosmetic-expertise.com\/#organization\"},\"potentialAction\":[{\"@type\":\"SearchAction\",\"target\":{\"@type\":\"EntryPoint\",\"urlTemplate\":\"https:\/\/cosmetic-expertise.com\/?s={search_term_string}\"},\"query-input\":\"required name=search_term_string\"}],\"inLanguage\":\"fr-FR\"},{\"@type\":\"Organization\",\"@id\":\"https:\/\/cosmetic-expertise.com\/#organization\",\"name\":\"B&SENS Your cosmetic expertise\",\"url\":\"https:\/\/cosmetic-expertise.com\/\",\"logo\":{\"@type\":\"ImageObject\",\"inLanguage\":\"fr-FR\",\"@id\":\"https:\/\/cosmetic-expertise.com\/#\/schema\/logo\/image\/\",\"url\":\"https:\/\/cosmetic-expertise.com\/wp-content\/uploads\/2018\/09\/cropped-BSENS-17062018-2.png\",\"contentUrl\":\"https:\/\/cosmetic-expertise.com\/wp-content\/uploads\/2018\/09\/cropped-BSENS-17062018-2.png\",\"width\":200,\"height\":79,\"caption\":\"B&SENS Your cosmetic expertise\"},\"image\":{\"@id\":\"https:\/\/cosmetic-expertise.com\/#\/schema\/logo\/image\/\"}}]}<\/script>\n<!-- \/ Yoast SEO plugin. -->","yoast_head_json":{"title":"COLUSOL BLACK BS 199E","description":"COLUSOL BLACK BS 199E is a mixture of Mono,Diazo and Triarylmethane dyes (colorant) for skincare; homecare, water based detergents...","robots":{"index":"index","follow":"follow","max-snippet":"max-snippet:-1","max-image-preview":"max-image-preview:large","max-video-preview":"max-video-preview:-1"},"canonical":"https:\/\/cosmetic-expertise.com\/index.php\/soluble-colors\/water-soluble-colors\/colusol-black-bs-199e-colorant-hydrosoluble-pour-aplication-cosmetique-ci-42051-ci-16185-ci-28440-ci-19140\/","og_locale":"fr_FR","og_type":"article","og_title":"COLUSOL BLACK BS 199E","og_description":"COLUSOL BLACK BS 199E is a mixture of Mono,Diazo and Triarylmethane dyes (colorant) for skincare; homecare, water based detergents...","og_url":"https:\/\/cosmetic-expertise.com\/index.php\/soluble-colors\/water-soluble-colors\/colusol-black-bs-199e-colorant-hydrosoluble-pour-aplication-cosmetique-ci-42051-ci-16185-ci-28440-ci-19140\/","og_site_name":"Colors and Ingredients for Cosmetics","article_modified_time":"2025-09-25T10:57:20+00:00","og_image":[{"url":"https:\/\/cosmetic-expertise.com\/wp-content\/uploads\/2024\/06\/WATER-SOLUBLE-COLOR.jpg"}],"twitter_card":"summary_large_image","twitter_misc":{"Dur\u00e9e de lecture estim\u00e9e":"2 minutes"},"schema":{"@context":"https:\/\/schema.org","@graph":[{"@type":"WebPage","@id":"https:\/\/cosmetic-expertise.com\/index.php\/soluble-colors\/water-soluble-colors\/colusol-black-bs-199e-colorant-hydrosoluble-pour-aplication-cosmetique-ci-42051-ci-16185-ci-28440-ci-19140\/","url":"https:\/\/cosmetic-expertise.com\/index.php\/soluble-colors\/water-soluble-colors\/colusol-black-bs-199e-colorant-hydrosoluble-pour-aplication-cosmetique-ci-42051-ci-16185-ci-28440-ci-19140\/","name":"COLUSOL BLACK BS 199E","isPartOf":{"@id":"https:\/\/cosmetic-expertise.com\/#website"},"datePublished":"2025-09-25T10:47:11+00:00","dateModified":"2025-09-25T10:57:20+00:00","description":"COLUSOL BLACK BS 199E is a mixture of Mono,Diazo and Triarylmethane dyes (colorant) for skincare; homecare, water based detergents...","breadcrumb":{"@id":"https:\/\/cosmetic-expertise.com\/index.php\/soluble-colors\/water-soluble-colors\/colusol-black-bs-199e-colorant-hydrosoluble-pour-aplication-cosmetique-ci-42051-ci-16185-ci-28440-ci-19140\/#breadcrumb"},"inLanguage":"fr-FR","potentialAction":[{"@type":"ReadAction","target":["https:\/\/cosmetic-expertise.com\/index.php\/soluble-colors\/water-soluble-colors\/colusol-black-bs-199e-colorant-hydrosoluble-pour-aplication-cosmetique-ci-42051-ci-16185-ci-28440-ci-19140\/"]}]},{"@type":"BreadcrumbList","@id":"https:\/\/cosmetic-expertise.com\/index.php\/soluble-colors\/water-soluble-colors\/colusol-black-bs-199e-colorant-hydrosoluble-pour-aplication-cosmetique-ci-42051-ci-16185-ci-28440-ci-19140\/#breadcrumb","itemListElement":[{"@type":"ListItem","position":1,"name":"Accueil","item":"https:\/\/cosmetic-expertise.com\/"},{"@type":"ListItem","position":2,"name":"SOLUBLE COLORS","item":"https:\/\/cosmetic-expertise.com\/index.php\/soluble-colors\/"},{"@type":"ListItem","position":3,"name":"WATER SOLUBLE COLORS","item":"https:\/\/cosmetic-expertise.com\/index.php\/soluble-colors\/water-soluble-colors\/"},{"@type":"ListItem","position":4,"name":"COLUSOL BLACK BS 199E"}]},{"@type":"WebSite","@id":"https:\/\/cosmetic-expertise.com\/#website","url":"https:\/\/cosmetic-expertise.com\/","name":"Colors and Ingredients for Cosmetics","description":"Your Cosmetic Expertise","publisher":{"@id":"https:\/\/cosmetic-expertise.com\/#organization"},"potentialAction":[{"@type":"SearchAction","target":{"@type":"EntryPoint","urlTemplate":"https:\/\/cosmetic-expertise.com\/?s={search_term_string}"},"query-input":"required name=search_term_string"}],"inLanguage":"fr-FR"},{"@type":"Organization","@id":"https:\/\/cosmetic-expertise.com\/#organization","name":"B&SENS Your cosmetic expertise","url":"https:\/\/cosmetic-expertise.com\/","logo":{"@type":"ImageObject","inLanguage":"fr-FR","@id":"https:\/\/cosmetic-expertise.com\/#\/schema\/logo\/image\/","url":"https:\/\/cosmetic-expertise.com\/wp-content\/uploads\/2018\/09\/cropped-BSENS-17062018-2.png","contentUrl":"https:\/\/cosmetic-expertise.com\/wp-content\/uploads\/2018\/09\/cropped-BSENS-17062018-2.png","width":200,"height":79,"caption":"B&SENS Your cosmetic expertise"},"image":{"@id":"https:\/\/cosmetic-expertise.com\/#\/schema\/logo\/image\/"}}]}},"_links":{"self":[{"href":"https:\/\/cosmetic-expertise.com\/index.php\/wp-json\/wp\/v2\/pages\/1055","targetHints":{"allow":["GET"]}}],"collection":[{"href":"https:\/\/cosmetic-expertise.com\/index.php\/wp-json\/wp\/v2\/pages"}],"about":[{"href":"https:\/\/cosmetic-expertise.com\/index.php\/wp-json\/wp\/v2\/types\/page"}],"author":[{"embeddable":true,"href":"https:\/\/cosmetic-expertise.com\/index.php\/wp-json\/wp\/v2\/users\/1"}],"replies":[{"embeddable":true,"href":"https:\/\/cosmetic-expertise.com\/index.php\/wp-json\/wp\/v2\/comments?post=1055"}],"version-history":[{"count":20,"href":"https:\/\/cosmetic-expertise.com\/index.php\/wp-json\/wp\/v2\/pages\/1055\/revisions"}],"predecessor-version":[{"id":9915,"href":"https:\/\/cosmetic-expertise.com\/index.php\/wp-json\/wp\/v2\/pages\/1055\/revisions\/9915"}],"up":[{"embeddable":true,"href":"https:\/\/cosmetic-expertise.com\/index.php\/wp-json\/wp\/v2\/pages\/507"}],"wp:attachment":[{"href":"https:\/\/cosmetic-expertise.com\/index.php\/wp-json\/wp\/v2\/media?parent=1055"}],"curies":[{"name":"wp","href":"https:\/\/api.w.org\/{rel}","templated":true}]}}